{"id":11,"date":"2020-12-09T15:36:05","date_gmt":"2020-12-09T15:36:05","guid":{"rendered":"https:\/\/localhost:8888\/02hero\/?page_id=11"},"modified":"2021-08-13T09:27:49","modified_gmt":"2021-08-13T09:27:49","slug":"o-projektu","status":"publish","type":"page","link":"https:\/\/czor.org\/02hero\/o-projektu\/","title":{"rendered":"O projektu"},"content":{"rendered":"<p>Projekat \u201e<strong>My Career from Zero to Hero (02hero)<\/strong> <strong>\u2013 izgradnja kapaciteta mre\u017ea civilnog dru\u0161tva Zapadnog Balkana za implementaciju one-stop-shop modela za zapo\u0161ljivost mladih za poslove budu\u0107nosti u okviru \u010detvrte digitalne revolucije<\/strong>\u201c trogodi\u0161nji je program koji <a href=\"https:\/\/www.czor.org\/\">Centar za omladinski rad \u2013 CZOR<\/a> (Srbija) sprovodi u partnerstvu sa <a href=\"http:\/\/www.forum-mne.com\/\">Forum MNE<\/a> (Crna Gora), <a href=\"https:\/\/cem.ba\/\">Centrom za edukaciju mladih<\/a> (Bosna i Hercegovina), <a href=\"https:\/\/yscalbania.org\/sq\/home-albanian\/\">Youth for Social Changes \u2013 YSC<\/a> (Albanija) i <a href=\"http:\/\/www.toka-ks.org\/\">TOKA<\/a> (Kosovo<a href=\"#_ftn1\" name=\"_ftnref1\"><sup>[1]<\/sup><\/a>).<\/p>\n<p><strong>02hero<\/strong> predstavlja <strong>model integrisanih usluga za zapo\u0161ljivost mladih<\/strong> koji nisu u sistemu obrazovanja, radnom odnosu, niti u sistemu obuke, zasnovan na one-stop-shop metodologiji, koji na jednom mestu omogu\u0107ava mladima da razviju ve\u0161tine neophodne za poslove budu\u0107nosti u okviru 4.0 digitalne revolucije. <strong>02hero<\/strong> model obuhvata slede\u0107e usluge: 1. dosezanje mladih, 2. razvoj digitalnih ve\u0161tina uz prakti\u010dan rad i mentorsku podr\u0161ku, 3. razvoj prenosivih ve\u0161tina, 4. razvoj preduzetni\u010dkih ve\u0161tina, 5. onlajn edukativne tutorijale, 6. karijerno savetovanje i 7. umre\u017eavanje sa poslodavcima.<\/p>\n<h2>Ciljevi projekta<\/h2>\n<p><strong>Op\u0161ti cilj<\/strong> projekta jeste izgradnja kapaciteta civilnog dru\u0161tva da bude relevantan partner dr\u017eavnim institucijama u razvoju inovativnih re\u0161enja za zapo\u0161ljavanje mladih kao tematskog prioriteta u okviru Strategije Zapadnog Balkana.<\/p>\n<p><strong>Specifi\u010dni cilj<\/strong> projekta jeste izgradnja kapaciteta i umre\u017eavanje organizacija civilnog dru\u0161tva Zapadnog Balkana za sprovo\u0111enje inovativnih modela za zapo\u0161ljivost mladih za poslove budu\u0107nosti u okviru 4.0 digitalne revolucije, koji se zasnivaju na one-stop-shop metodologiji i me\u0111usektorskoj saradnji.<\/p>\n<h2>Aktivnosti projekta<\/h2>\n<ul>\n<li>Sprovo\u0111enje 5 istra\u017eivanja o potrebama aktera za sprovo\u0111enje integrisanih usluga za zapo\u0161ljivost mladih u Srbiji, Crnoj Gori, Bosni i Hercegovini, Albaniji i Kosovu.<\/li>\n<li>Razvoj inovativnih modela za zapo\u0161ljivost mladih za poslove budu\u0107nosti u okviru 4.0 digitalne revolucije u Srbiji, Crnoj Gori, Bosni i Hercegovini, Albaniji i Kosovu.<\/li>\n<li>Odr\u017eavanje 5 nacionalnih konferencija sa ciljem prezentacije rezultata istra\u017eivanja i kreiranih inovativnih modela za zapo\u0161ljivost mladih za poslove budu\u0107nosti u okviru 4.0 digitalne revolucije u Srbiji, Crnoj Gori, Bosni i Hercegovini, Albaniji i Kosovu.<\/li>\n<li>Poziv organizacijama civilnog dru\u0161tva za finansiranje sprovo\u0111enja usluga u okviru kreiranih inovativnih modela za zapo\u0161ljivost mladih za poslove budu\u0107nosti u okviru 4.0 digitalne revolucije u Srbiji, Crnoj Gori, Bosni i Hercegovini, Albaniji i Kosovu<\/li>\n<li>Regionalni trening za izgradnju kapaciteta organizacija civilnog dru\u0161tva koje su izabrane za sprovo\u0111enje usluga u okviru kreiranih inovativnih modela za zapo\u0161ljivost mladih za poslove budu\u0107nosti u okviru 4.0 digitalne revolucije<\/li>\n<li>Dosezanje, informisanje i selekcija mladih koji nisu su zaposleni, niti su u obrazovanju ili treningu, za u\u010de\u0161\u0107e u 02hero program u Srbiji, Crnoj Gori, Bosni i Hercegovini, Albaniji i Kosovu<\/li>\n<li>Sprovo\u0111enje obuka za razvoj prenosivih i digitalnih ve\u0161tina uz prakti\u010dan rad i mentorsku podr\u0161ku i karijerno savetovanje u Srbiji, Crnoj Gori, Bosni i Hercegovini, Albaniji i Kosovu<\/li>\n<li>Razvoj onlajn edukativnih tutorijala za razvoj digitalnih ve\u0161tina koji \u0107e biti dostupnim svim mladima Zapadnog Balkana i \u0161ire<\/li>\n<li>Organizovanje 10 javnih doga\u0111aja u Srbiji, Crnoj Gori, Bosni i Hercegovini, Albaniji i Kosovu, sa ciljem povezivanja mladih i poslodavaca<\/li>\n<li>Sprovo\u0111enje obuke za razvoj preduzetni\u010dkih ve\u0161tina mladih, koja pored nacionalnih uklju\u010duje i regionalni modul sa ciljem povezivanja mladih iz Srbije, Crne Gore, Bosne i Hercegovine, Albanije i Kosova.<\/li>\n<li>Poziv, selekcija i regrutacija mentora iz biznis sektora da budu podr\u0161ka mladima, polaznicima\/ama obuke za razvoj preduzetni\u010dkih ve\u0161tina, u istra\u017eivanju tr\u017ei\u0161ta i razvoju poslovnih ideja<\/li>\n<li>5 nacionalnih javnih doga\u0111aja na kojima \u0107e se mladi takmi\u010diti za najbolju poslovnu ideju u Srbiji, Crnoj Gori, Bosni i Hercegovini, Albaniji i Kosovu<\/li>\n<li>5 nacionalnih evaluacionih sastanaka u cilju unapre\u0111enja inovativnih modela za zapo\u0161ljivost mladih za poslove budu\u0107nosti u okviru 4.0 digitalne revolucije u Srbiji, Crnoj Gori, Bosni i Hercegovini, Albaniji i Kosovu<\/li>\n<\/ul>\n<p><strong>02hero<\/strong> je finansiran od strane <a href=\"https:\/\/europa.eu\/\">Evropske Unije<\/a>, a implementaciju projekta podr\u017eali su po zemljama: Srbija \u2013 Vlada \u0160vajcarske u okviru projekta <a href=\"https:\/\/znanjemdoposla.rs\/\">\u201eZnanjem od posla \u2013 E2E\u201c,<\/a> koji ispred <a href=\"https:\/\/www.srbija.gov.rs\/\">Vlade Republike Srbije<\/a>, sprovodi <a href=\"http:\/\/socijalnoukljucivanje.gov.rs\/rs\/\">Tim za socijalno uklju\u010divanje i smanjenje siroma\u0161tva (SIPRU)<\/a>, <a href=\"http:\/\/www.novisad.rs\">Grad Novi Sad<\/a> i <a href=\"https:\/\/opens2019.rs\">Omladinska prestonica Evrope Novi Sad (OPENS)<\/a>; Crna Gora \u2013 <a href=\"https:\/\/mju.gov.me\/ministarstvo\">Ministarstvo javne uprave Republike Crne Gore<\/a><strong>.<\/strong><\/p>\n<p><a href=\"#_ftnref1\" name=\"_ftn1\"><sup>[1]<\/sup><\/a> Kosovo se navodi u kontekstu Rezolucije o sigurnosti Ujedinjenih nacija 1244 (1999).<\/p>\n","protected":false},"excerpt":{"rendered":"<p>Projekat \u201eMy Career from Zero to Hero (02hero) \u2013 izgradnja kapaciteta mre\u017ea civilnog dru\u0161tva Zapadnog Balkana za implementaciju one-stop-shop modela za zapo\u0161ljivost mladih za poslove budu\u0107nosti u okviru \u010detvrte digitalne revolucije\u201c trogodi\u0161nji je program koji Centar za omladinski rad \u2013 CZOR (Srbija) sprovodi u partnerstvu sa Forum MNE (Crna Gora), Centrom za edukaciju mladih (Bosna [&hellip;]<\/p>\n","protected":false},"author":1,"featured_media":0,"parent":0,"menu_order":3,"comment_status":"closed","ping_status":"closed","template":"__fe-templates\/fe-page-about-project.php","meta":{"inline_featured_image":false,"footnotes":""},"class_list":["post-11","page","type-page","status-publish","hentry"],"yoast_head":"<!-- This site is optimized with the Yoast SEO plugin v19.9 - https:\/\/yoast.com\/wordpress\/plugins\/seo\/ -->\n<title>O projektu - My Career from Zero to Hero<\/title>\n<meta name=\"robots\" content=\"index, follow, max-snippet:-1, max-image-preview:large, max-video-preview:-1\" \/>\n<link rel=\"canonical\" href=\"https:\/\/czor.org\/02hero\/o-projektu\/\" \/>\n<meta property=\"og:locale\" content=\"sr_RS\" \/>\n<meta property=\"og:type\" content=\"article\" \/>\n<meta property=\"og:title\" content=\"O projektu - My Career from Zero to Hero\" \/>\n<meta property=\"og:description\" content=\"Projekat \u201eMy Career from Zero to Hero (02hero) \u2013 izgradnja kapaciteta mre\u017ea civilnog dru\u0161tva Zapadnog Balkana za implementaciju one-stop-shop modela za zapo\u0161ljivost mladih za poslove budu\u0107nosti u okviru \u010detvrte digitalne revolucije\u201c trogodi\u0161nji je program koji Centar za omladinski rad \u2013 CZOR (Srbija) sprovodi u partnerstvu sa Forum MNE (Crna Gora), Centrom za edukaciju mladih (Bosna [&hellip;]\" \/>\n<meta property=\"og:url\" content=\"https:\/\/czor.org\/02hero\/o-projektu\/\" \/>\n<meta property=\"og:site_name\" content=\"My Career from Zero to Hero\" \/>\n<meta property=\"article:modified_time\" content=\"2021-08-13T09:27:49+00:00\" \/>\n<meta name=\"twitter:card\" content=\"summary_large_image\" \/>\n<meta name=\"twitter:label1\" content=\"Procenjeno vreme \u010ditanja\" \/>\n\t<meta name=\"twitter:data1\" content=\"3 minuta\" \/>\n<script type=\"application\/ld+json\" class=\"yoast-schema-graph\">{\"@context\":\"https:\/\/schema.org\",\"@graph\":[{\"@type\":\"WebPage\",\"@id\":\"https:\/\/czor.org\/02hero\/o-projektu\/\",\"url\":\"https:\/\/czor.org\/02hero\/o-projektu\/\",\"name\":\"O projektu - My Career from Zero to Hero\",\"isPartOf\":{\"@id\":\"https:\/\/czor.org\/02hero\/#website\"},\"datePublished\":\"2020-12-09T15:36:05+00:00\",\"dateModified\":\"2021-08-13T09:27:49+00:00\",\"breadcrumb\":{\"@id\":\"https:\/\/czor.org\/02hero\/o-projektu\/#breadcrumb\"},\"inLanguage\":\"sr-RS\",\"potentialAction\":[{\"@type\":\"ReadAction\",\"target\":[\"https:\/\/czor.org\/02hero\/o-projektu\/\"]}]},{\"@type\":\"BreadcrumbList\",\"@id\":\"https:\/\/czor.org\/02hero\/o-projektu\/#breadcrumb\",\"itemListElement\":[{\"@type\":\"ListItem\",\"position\":1,\"name\":\"\u041f\u043e\u0447\u0435\u0442\u043d\u0430\",\"item\":\"https:\/\/czor.org\/02hero\/\"},{\"@type\":\"ListItem\",\"position\":2,\"name\":\"O projektu\"}]},{\"@type\":\"WebSite\",\"@id\":\"https:\/\/czor.org\/02hero\/#website\",\"url\":\"https:\/\/czor.org\/02hero\/\",\"name\":\"My Career from Zero to Hero\",\"description\":\"\",\"potentialAction\":[{\"@type\":\"SearchAction\",\"target\":{\"@type\":\"EntryPoint\",\"urlTemplate\":\"https:\/\/czor.org\/02hero\/?s={search_term_string}\"},\"query-input\":\"required name=search_term_string\"}],\"inLanguage\":\"sr-RS\"}]}<\/script>\n<!-- \/ Yoast SEO plugin. -->","yoast_head_json":{"title":"O projektu - My Career from Zero to Hero","robots":{"index":"index","follow":"follow","max-snippet":"max-snippet:-1","max-image-preview":"max-image-preview:large","max-video-preview":"max-video-preview:-1"},"canonical":"https:\/\/czor.org\/02hero\/o-projektu\/","og_locale":"sr_RS","og_type":"article","og_title":"O projektu - My Career from Zero to Hero","og_description":"Projekat \u201eMy Career from Zero to Hero (02hero) \u2013 izgradnja kapaciteta mre\u017ea civilnog dru\u0161tva Zapadnog Balkana za implementaciju one-stop-shop modela za zapo\u0161ljivost mladih za poslove budu\u0107nosti u okviru \u010detvrte digitalne revolucije\u201c trogodi\u0161nji je program koji Centar za omladinski rad \u2013 CZOR (Srbija) sprovodi u partnerstvu sa Forum MNE (Crna Gora), Centrom za edukaciju mladih (Bosna [&hellip;]","og_url":"https:\/\/czor.org\/02hero\/o-projektu\/","og_site_name":"My Career from Zero to Hero","article_modified_time":"2021-08-13T09:27:49+00:00","twitter_card":"summary_large_image","twitter_misc":{"Procenjeno vreme \u010ditanja":"3 minuta"},"schema":{"@context":"https:\/\/schema.org","@graph":[{"@type":"WebPage","@id":"https:\/\/czor.org\/02hero\/o-projektu\/","url":"https:\/\/czor.org\/02hero\/o-projektu\/","name":"O projektu - My Career from Zero to Hero","isPartOf":{"@id":"https:\/\/czor.org\/02hero\/#website"},"datePublished":"2020-12-09T15:36:05+00:00","dateModified":"2021-08-13T09:27:49+00:00","breadcrumb":{"@id":"https:\/\/czor.org\/02hero\/o-projektu\/#breadcrumb"},"inLanguage":"sr-RS","potentialAction":[{"@type":"ReadAction","target":["https:\/\/czor.org\/02hero\/o-projektu\/"]}]},{"@type":"BreadcrumbList","@id":"https:\/\/czor.org\/02hero\/o-projektu\/#breadcrumb","itemListElement":[{"@type":"ListItem","position":1,"name":"\u041f\u043e\u0447\u0435\u0442\u043d\u0430","item":"https:\/\/czor.org\/02hero\/"},{"@type":"ListItem","position":2,"name":"O projektu"}]},{"@type":"WebSite","@id":"https:\/\/czor.org\/02hero\/#website","url":"https:\/\/czor.org\/02hero\/","name":"My Career from Zero to Hero","description":"","potentialAction":[{"@type":"SearchAction","target":{"@type":"EntryPoint","urlTemplate":"https:\/\/czor.org\/02hero\/?s={search_term_string}"},"query-input":"required name=search_term_string"}],"inLanguage":"sr-RS"}]}},"_links":{"self":[{"href":"https:\/\/czor.org\/02hero\/wp-json\/wp\/v2\/pages\/11","targetHints":{"allow":["GET"]}}],"collection":[{"href":"https:\/\/czor.org\/02hero\/wp-json\/wp\/v2\/pages"}],"about":[{"href":"https:\/\/czor.org\/02hero\/wp-json\/wp\/v2\/types\/page"}],"author":[{"embeddable":true,"href":"https:\/\/czor.org\/02hero\/wp-json\/wp\/v2\/users\/1"}],"replies":[{"embeddable":true,"href":"https:\/\/czor.org\/02hero\/wp-json\/wp\/v2\/comments?post=11"}],"version-history":[{"count":10,"href":"https:\/\/czor.org\/02hero\/wp-json\/wp\/v2\/pages\/11\/revisions"}],"predecessor-version":[{"id":1629,"href":"https:\/\/czor.org\/02hero\/wp-json\/wp\/v2\/pages\/11\/revisions\/1629"}],"wp:attachment":[{"href":"https:\/\/czor.org\/02hero\/wp-json\/wp\/v2\/media?parent=11"}],"curies":[{"name":"wp","href":"https:\/\/api.w.org\/{rel}","templated":true}]}}