{"id":11,"date":"2023-05-09T15:36:05","date_gmt":"2023-05-09T15:36:05","guid":{"rendered":"https:\/\/localhost:8888\/02hero\/?page_id=11"},"modified":"2023-12-12T21:53:48","modified_gmt":"2023-12-12T21:53:48","slug":"o-projektu","status":"publish","type":"page","link":"https:\/\/czor.org\/preduzetnistvo\/o-projektu\/","title":{"rendered":"O projektu"},"content":{"rendered":"<h3 class=\"article-title\">SVE NA JEDNOM MESTU \u2013 Sve na jednom mestu za podr\u0161ku omladinskom preduzetni\u0161tvu i prekograni\u010dnoj saradnji<\/h3>\n<div class=\"entry-content\">\n<p><img loading=\"lazy\" decoding=\"async\" class=\"alignnone size-medium wp-image-2073 aligncenter\" src=\"https:\/\/czor.org\/preduzetnistvo\/wp-content\/uploads\/2023\/12\/preduzetnistvo-logo-300x209.png\" alt=\"\" width=\"300\" height=\"209\" srcset=\"https:\/\/czor.org\/preduzetnistvo\/wp-content\/uploads\/2023\/12\/preduzetnistvo-logo-300x209.png 300w, https:\/\/czor.org\/preduzetnistvo\/wp-content\/uploads\/2023\/12\/preduzetnistvo-logo-1024x713.png 1024w, https:\/\/czor.org\/preduzetnistvo\/wp-content\/uploads\/2023\/12\/preduzetnistvo-logo-698x486.png 698w, https:\/\/czor.org\/preduzetnistvo\/wp-content\/uploads\/2023\/12\/preduzetnistvo-logo-768x535.png 768w, https:\/\/czor.org\/preduzetnistvo\/wp-content\/uploads\/2023\/12\/preduzetnistvo-logo-1536x1070.png 1536w, https:\/\/czor.org\/preduzetnistvo\/wp-content\/uploads\/2023\/12\/preduzetnistvo-logo-2048x1426.png 2048w\" sizes=\"auto, (max-width: 300px) 100vw, 300px\" \/><\/p>\n<p>Formalno obrazovanje ne uspeva da odgovori adekvatno i blagovremeno na brze promene u potrebama tr\u017ei\u0161ta rada. Nedostatak mekih ve\u0161tina i prakti\u010dnih iskustava poslodavci u zemljama Zapadnog Balkana \u010desto navode kao najve\u0107i problem. Za razliku od formalnog obrazovanja koje stvarati \u201eprobleme\u201c zbog visokih zahteva administracije, neformalno obrazovanje mo\u017ee brzo da odgovori na te izazove zbog svoje fleksibilnosti. Dodatni izazov za obrazovanje donosi 4.0. industrijska revolucija. Problem u budu\u0107nosti ne\u0107e biti nedostatak zaposlenja, ve\u0107\u0301 nedostatak ve\u0161tina koje \u0107e zahtevati nova radna mesta. Potrebno je kombinovati digitalne, prenosive i preduzetni\u010dke kompetencije, osna\u017euju\u0107i mlade ne samo da tra\u017ee otvorene mogu\u0107nosti za posao, ve\u0107\u0301 i da stvaraju nova radna mesta i deluju globalno.<\/p>\n<p>Meke ili prenosive ve\u0161tine, mladi upravo sti\u010du kroz programe omladinskog rada. Zbog nedostatka me\u0111usektorske saradnje, postoje\u0107e slu\u017ebe za zapo\u0161ljavanje mladih koje sprovode OCD u ve\u0107ini slu\u010dajeva su jednodimenzionalne \u2013 fokusirane samo na jedan aspekt: digitalne ve\u0161tine, preduzetni\u0161tvo, praksa ili meke ve\u0161tine. \u010cak i ako mlada osoba poha\u0111a kurs za stru\u010dno usavr\u0161avanje, na kraju im nedostaje jedna od klju\u010dnih kompetencija za zapo\u0161ljavanje, \u0161to ih primorava da poha\u0111aju nekoliko programa, \u0161to dovodi do konfuzije i demotivacije.<\/p>\n<p>\u201eSVE NA JEDNOM MESTU\u201c predstavlja model integrisanih usluga za (samo)zapo\u0161ljivost mladih koji nisu u sistemu obrazovanja, radnom odnosu, niti u sistemu obuke (mladi iz \u201eNEET\u201c populacije), zasnovan na \u201eone-stop-shop\u201c metodologiji, koji na jednom mestu omogu\u0107ava mladima da razviju ve\u0161tine i znanja neophodna za pokretanje sopstvenih poslovnih ideja i povezivanje sa malim i srednjim preduze\u0107ima i IT kompanijama.<\/p>\n<p>\u201cSve na jednom mestu\u201d je program obuke namenjen mladim ljudima koji \u017eele da unaprede svoje znanje i ve\u0161tine i \u017eele da pokrenu svoje poslovne ideje. Bez obzira kojom profesijom planirate da se bave, finansijska pismenost, preduzetni\u010dke i meke ve\u0161tine su sastavni deo svakog posla, te smo u skladu sa tim i kreirali \u201eOne stop shop\u201c model koji na jednom mestu obuhvata sve \u0161to je potrebno mladima kako bi brzo i lako pokrenuli svoje preduzeni\u010dke ideje.<\/p>\n<p>Program se sastoji iz 3 kursa koja \u0107e se organizovati u periodu od septembra 2023. do februara 2024.<\/p>\n<ul>\n<li>Kurs prenosivih ve\u0161tina<\/li>\n<li>Kurs finansijske pismenosti<\/li>\n<li>Kurs preduzetni\u0161tva<\/li>\n<\/ul>\n<p>Postoji veliki broj kurseva, ali ono po \u010demu se program obuka \u201eSve na jednom mestu\u201c izdvaja je \u010dinjenica da pokriva kompletan i zaokru\u017een set ve\u0161tina na jednom mestu, uz fokus na budu\u0107e zaposlenje.<\/p>\n<p>U okviru obuke 25 stipendija bi\u0107e dodeljene u Srbiji i 25 u Bosni i Hercegovini.<\/p>\n<p>Ukoliko polaznik uspe\u0161no pro\u0111e kurseve, dobija priliku da u drugoj fazi programa radi na konkretnoj izradi biznis ideje uz direktnu podr\u0161ku uspe\u0161nih mentora \/ predstavnika firmi, i to u trajanju od 3 meseca.<\/p>\n<p>Tako\u0111e \u0107e imati mogu\u0107nost da svoju biznis ideju predstave u okviru \u201eElevator pitch\u201c doga\u0111aja i u\u0111u u top 6 timova koji \u0107e dobiti podr\u0161ku u vidu biznis savetovanja, podr\u0161ku pri nala\u017eenju dodatnih finansijskih sredstava i ostalih va\u017enih elemenata za po\u010detak biznisa.<\/p>\n<p>Projekat \u201eSve na jednom mestu za podr\u0161ku omladinskom preduzetni\u0161tvu i prekograni\u010dnoj saradnji\u201c je program koji Centar za omladinski rad (Srbija) provodi u partnerstvu sa Centrom za edukaciju mladih (Bosna i Hercegovina), Udru\u017eenjem mladih &#8211; UM Sremska Mitrovica (Srbija) i Fondacijom Tuzlanske Zajednice (Bosna i Hercegovina) u 6 op\u0161ina i gradova prekograni\u010dnog regiona Republika Srbija i Bosna i Hercegovina.<br \/>\nProjekat je finansiran od strane Evropske Unije kroz program prekograni\u010dne saradnje Srbija \u2013 Bosna Hercegovina 2014-2020, u okviru Instrumenta pristupne pomo\u0107i (IPA II).<\/p>\n<p>&nbsp;<\/p>\n<\/div>\n","protected":false},"excerpt":{"rendered":"<p>SVE NA JEDNOM MESTU \u2013 Sve na jednom mestu za podr\u0161ku omladinskom preduzetni\u0161tvu i prekograni\u010dnoj saradnji Formalno obrazovanje ne uspeva da odgovori adekvatno i blagovremeno na brze promene u potrebama tr\u017ei\u0161ta rada. Nedostatak mekih ve\u0161tina i prakti\u010dnih iskustava poslodavci u zemljama Zapadnog Balkana \u010desto navode kao najve\u0107i problem. Za razliku od formalnog obrazovanja koje stvarati [&hellip;]<\/p>\n","protected":false},"author":1,"featured_media":0,"parent":0,"menu_order":3,"comment_status":"closed","ping_status":"closed","template":"__fe-templates\/fe-page-about-project.php","meta":{"_acf_changed":false,"inline_featured_image":false,"footnotes":""},"class_list":["post-11","page","type-page","status-publish","hentry"],"acf":[],"yoast_head":"<!-- This site is optimized with the Yoast SEO plugin v23.6 - https:\/\/yoast.com\/wordpress\/plugins\/seo\/ -->\n<title>O projektu - Sve na jednom mestu za podr\u0161ku omladinskom preduzetni\u0161tvu i prekograni\u010dnoj saradnji<\/title>\n<meta name=\"robots\" content=\"index, follow, max-snippet:-1, max-image-preview:large, max-video-preview:-1\" \/>\n<link rel=\"canonical\" href=\"https:\/\/czor.org\/preduzetnistvo\/o-projektu\/\" \/>\n<meta property=\"og:locale\" content=\"en_US\" \/>\n<meta property=\"og:type\" content=\"article\" \/>\n<meta property=\"og:title\" content=\"O projektu - Sve na jednom mestu za podr\u0161ku omladinskom preduzetni\u0161tvu i prekograni\u010dnoj saradnji\" \/>\n<meta property=\"og:description\" content=\"SVE NA JEDNOM MESTU \u2013 Sve na jednom mestu za podr\u0161ku omladinskom preduzetni\u0161tvu i prekograni\u010dnoj saradnji Formalno obrazovanje ne uspeva da odgovori adekvatno i blagovremeno na brze promene u potrebama tr\u017ei\u0161ta rada. Nedostatak mekih ve\u0161tina i prakti\u010dnih iskustava poslodavci u zemljama Zapadnog Balkana \u010desto navode kao najve\u0107i problem. Za razliku od formalnog obrazovanja koje stvarati [&hellip;]\" \/>\n<meta property=\"og:url\" content=\"https:\/\/czor.org\/preduzetnistvo\/o-projektu\/\" \/>\n<meta property=\"og:site_name\" content=\"Sve na jednom mestu za podr\u0161ku omladinskom preduzetni\u0161tvu i prekograni\u010dnoj saradnji\" \/>\n<meta property=\"article:modified_time\" content=\"2023-12-12T21:53:48+00:00\" \/>\n<meta property=\"og:image\" content=\"https:\/\/czor.org\/preduzetnistvo\/wp-content\/uploads\/2023\/12\/preduzetnistvo-logo-300x209.png\" \/>\n<meta name=\"twitter:card\" content=\"summary_large_image\" \/>\n<meta name=\"twitter:label1\" content=\"Est. reading time\" \/>\n\t<meta name=\"twitter:data1\" content=\"3 minutes\" \/>\n<script type=\"application\/ld+json\" class=\"yoast-schema-graph\">{\"@context\":\"https:\/\/schema.org\",\"@graph\":[{\"@type\":\"WebPage\",\"@id\":\"https:\/\/czor.org\/preduzetnistvo\/o-projektu\/\",\"url\":\"https:\/\/czor.org\/preduzetnistvo\/o-projektu\/\",\"name\":\"O projektu - Sve na jednom mestu za podr\u0161ku omladinskom preduzetni\u0161tvu i prekograni\u010dnoj saradnji\",\"isPartOf\":{\"@id\":\"https:\/\/czor.org\/preduzetnistvo\/#website\"},\"primaryImageOfPage\":{\"@id\":\"https:\/\/czor.org\/preduzetnistvo\/o-projektu\/#primaryimage\"},\"image\":{\"@id\":\"https:\/\/czor.org\/preduzetnistvo\/o-projektu\/#primaryimage\"},\"thumbnailUrl\":\"https:\/\/czor.org\/preduzetnistvo\/wp-content\/uploads\/2023\/12\/preduzetnistvo-logo-300x209.png\",\"datePublished\":\"2023-05-09T15:36:05+00:00\",\"dateModified\":\"2023-12-12T21:53:48+00:00\",\"breadcrumb\":{\"@id\":\"https:\/\/czor.org\/preduzetnistvo\/o-projektu\/#breadcrumb\"},\"inLanguage\":\"en-US\",\"potentialAction\":[{\"@type\":\"ReadAction\",\"target\":[\"https:\/\/czor.org\/preduzetnistvo\/o-projektu\/\"]}]},{\"@type\":\"ImageObject\",\"inLanguage\":\"en-US\",\"@id\":\"https:\/\/czor.org\/preduzetnistvo\/o-projektu\/#primaryimage\",\"url\":\"https:\/\/czor.org\/preduzetnistvo\/wp-content\/uploads\/2023\/12\/preduzetnistvo-logo.png\",\"contentUrl\":\"https:\/\/czor.org\/preduzetnistvo\/wp-content\/uploads\/2023\/12\/preduzetnistvo-logo.png\",\"width\":2415,\"height\":1682},{\"@type\":\"BreadcrumbList\",\"@id\":\"https:\/\/czor.org\/preduzetnistvo\/o-projektu\/#breadcrumb\",\"itemListElement\":[{\"@type\":\"ListItem\",\"position\":1,\"name\":\"\u041f\u043e\u0447\u0435\u0442\u043d\u0430\",\"item\":\"https:\/\/czor.org\/preduzetnistvo\/\"},{\"@type\":\"ListItem\",\"position\":2,\"name\":\"O projektu\"}]},{\"@type\":\"WebSite\",\"@id\":\"https:\/\/czor.org\/preduzetnistvo\/#website\",\"url\":\"https:\/\/czor.org\/preduzetnistvo\/\",\"name\":\"Sve na jednom mestu za podr\u0161ku omladinskom preduzetni\u0161tvu i prekograni\u010dnoj saradnji\",\"description\":\"\",\"potentialAction\":[{\"@type\":\"SearchAction\",\"target\":{\"@type\":\"EntryPoint\",\"urlTemplate\":\"https:\/\/czor.org\/preduzetnistvo\/?s={search_term_string}\"},\"query-input\":{\"@type\":\"PropertyValueSpecification\",\"valueRequired\":true,\"valueName\":\"search_term_string\"}}],\"inLanguage\":\"en-US\"}]}<\/script>\n<!-- \/ Yoast SEO plugin. -->","yoast_head_json":{"title":"O projektu - Sve na jednom mestu za podr\u0161ku omladinskom preduzetni\u0161tvu i prekograni\u010dnoj saradnji","robots":{"index":"index","follow":"follow","max-snippet":"max-snippet:-1","max-image-preview":"max-image-preview:large","max-video-preview":"max-video-preview:-1"},"canonical":"https:\/\/czor.org\/preduzetnistvo\/o-projektu\/","og_locale":"en_US","og_type":"article","og_title":"O projektu - Sve na jednom mestu za podr\u0161ku omladinskom preduzetni\u0161tvu i prekograni\u010dnoj saradnji","og_description":"SVE NA JEDNOM MESTU \u2013 Sve na jednom mestu za podr\u0161ku omladinskom preduzetni\u0161tvu i prekograni\u010dnoj saradnji Formalno obrazovanje ne uspeva da odgovori adekvatno i blagovremeno na brze promene u potrebama tr\u017ei\u0161ta rada. Nedostatak mekih ve\u0161tina i prakti\u010dnih iskustava poslodavci u zemljama Zapadnog Balkana \u010desto navode kao najve\u0107i problem. Za razliku od formalnog obrazovanja koje stvarati [&hellip;]","og_url":"https:\/\/czor.org\/preduzetnistvo\/o-projektu\/","og_site_name":"Sve na jednom mestu za podr\u0161ku omladinskom preduzetni\u0161tvu i prekograni\u010dnoj saradnji","article_modified_time":"2023-12-12T21:53:48+00:00","og_image":[{"url":"https:\/\/czor.org\/preduzetnistvo\/wp-content\/uploads\/2023\/12\/preduzetnistvo-logo-300x209.png"}],"twitter_card":"summary_large_image","twitter_misc":{"Est. reading time":"3 minutes"},"schema":{"@context":"https:\/\/schema.org","@graph":[{"@type":"WebPage","@id":"https:\/\/czor.org\/preduzetnistvo\/o-projektu\/","url":"https:\/\/czor.org\/preduzetnistvo\/o-projektu\/","name":"O projektu - Sve na jednom mestu za podr\u0161ku omladinskom preduzetni\u0161tvu i prekograni\u010dnoj saradnji","isPartOf":{"@id":"https:\/\/czor.org\/preduzetnistvo\/#website"},"primaryImageOfPage":{"@id":"https:\/\/czor.org\/preduzetnistvo\/o-projektu\/#primaryimage"},"image":{"@id":"https:\/\/czor.org\/preduzetnistvo\/o-projektu\/#primaryimage"},"thumbnailUrl":"https:\/\/czor.org\/preduzetnistvo\/wp-content\/uploads\/2023\/12\/preduzetnistvo-logo-300x209.png","datePublished":"2023-05-09T15:36:05+00:00","dateModified":"2023-12-12T21:53:48+00:00","breadcrumb":{"@id":"https:\/\/czor.org\/preduzetnistvo\/o-projektu\/#breadcrumb"},"inLanguage":"en-US","potentialAction":[{"@type":"ReadAction","target":["https:\/\/czor.org\/preduzetnistvo\/o-projektu\/"]}]},{"@type":"ImageObject","inLanguage":"en-US","@id":"https:\/\/czor.org\/preduzetnistvo\/o-projektu\/#primaryimage","url":"https:\/\/czor.org\/preduzetnistvo\/wp-content\/uploads\/2023\/12\/preduzetnistvo-logo.png","contentUrl":"https:\/\/czor.org\/preduzetnistvo\/wp-content\/uploads\/2023\/12\/preduzetnistvo-logo.png","width":2415,"height":1682},{"@type":"BreadcrumbList","@id":"https:\/\/czor.org\/preduzetnistvo\/o-projektu\/#breadcrumb","itemListElement":[{"@type":"ListItem","position":1,"name":"\u041f\u043e\u0447\u0435\u0442\u043d\u0430","item":"https:\/\/czor.org\/preduzetnistvo\/"},{"@type":"ListItem","position":2,"name":"O projektu"}]},{"@type":"WebSite","@id":"https:\/\/czor.org\/preduzetnistvo\/#website","url":"https:\/\/czor.org\/preduzetnistvo\/","name":"Sve na jednom mestu za podr\u0161ku omladinskom preduzetni\u0161tvu i prekograni\u010dnoj saradnji","description":"","potentialAction":[{"@type":"SearchAction","target":{"@type":"EntryPoint","urlTemplate":"https:\/\/czor.org\/preduzetnistvo\/?s={search_term_string}"},"query-input":{"@type":"PropertyValueSpecification","valueRequired":true,"valueName":"search_term_string"}}],"inLanguage":"en-US"}]}},"_links":{"self":[{"href":"https:\/\/czor.org\/preduzetnistvo\/wp-json\/wp\/v2\/pages\/11","targetHints":{"allow":["GET"]}}],"collection":[{"href":"https:\/\/czor.org\/preduzetnistvo\/wp-json\/wp\/v2\/pages"}],"about":[{"href":"https:\/\/czor.org\/preduzetnistvo\/wp-json\/wp\/v2\/types\/page"}],"author":[{"embeddable":true,"href":"https:\/\/czor.org\/preduzetnistvo\/wp-json\/wp\/v2\/users\/1"}],"replies":[{"embeddable":true,"href":"https:\/\/czor.org\/preduzetnistvo\/wp-json\/wp\/v2\/comments?post=11"}],"version-history":[{"count":17,"href":"https:\/\/czor.org\/preduzetnistvo\/wp-json\/wp\/v2\/pages\/11\/revisions"}],"predecessor-version":[{"id":2085,"href":"https:\/\/czor.org\/preduzetnistvo\/wp-json\/wp\/v2\/pages\/11\/revisions\/2085"}],"wp:attachment":[{"href":"https:\/\/czor.org\/preduzetnistvo\/wp-json\/wp\/v2\/media?parent=11"}],"curies":[{"name":"wp","href":"https:\/\/api.w.org\/{rel}","templated":true}]}}