{"id":1830,"date":"2021-12-02T17:29:35","date_gmt":"2021-12-02T17:29:35","guid":{"rendered":"http:\/\/localhost\/onestopshop\/?page_id=1830"},"modified":"2023-12-13T20:52:18","modified_gmt":"2023-12-13T20:52:18","slug":"gim-rozaje","status":"publish","type":"page","link":"https:\/\/czor.org\/preduzetnistvo\/partneri\/gim-rozaje\/","title":{"rendered":"Fondacija Tuzlanske Zajednice"},"content":{"rendered":"","protected":false},"excerpt":{"rendered":"","protected":false},"author":1,"featured_media":0,"parent":340,"menu_order":4,"comment_status":"closed","ping_status":"closed","template":"__fe-templates\/fe-page-partners.php","meta":{"_acf_changed":false,"inline_featured_image":false,"footnotes":""},"class_list":["post-1830","page","type-page","status-publish","hentry"],"acf":[],"yoast_head":"<!-- This site is optimized with the Yoast SEO plugin v23.6 - https:\/\/yoast.com\/wordpress\/plugins\/seo\/ -->\n<title>Fondacija Tuzlanske Zajednice - Sve na jednom mestu za podr\u0161ku omladinskom preduzetni\u0161tvu i prekograni\u010dnoj saradnji<\/title>\n<meta name=\"robots\" content=\"index, follow, max-snippet:-1, max-image-preview:large, max-video-preview:-1\" \/>\n<link rel=\"canonical\" href=\"https:\/\/czor.org\/preduzetnistvo\/partneri\/gim-rozaje\/\" \/>\n<meta property=\"og:locale\" content=\"en_US\" \/>\n<meta property=\"og:type\" content=\"article\" \/>\n<meta property=\"og:title\" content=\"Fondacija Tuzlanske Zajednice - Sve na jednom mestu za podr\u0161ku omladinskom preduzetni\u0161tvu i prekograni\u010dnoj saradnji\" \/>\n<meta property=\"og:url\" content=\"https:\/\/czor.org\/preduzetnistvo\/partneri\/gim-rozaje\/\" \/>\n<meta property=\"og:site_name\" content=\"Sve na jednom mestu za podr\u0161ku omladinskom preduzetni\u0161tvu i prekograni\u010dnoj saradnji\" \/>\n<meta property=\"article:modified_time\" content=\"2023-12-13T20:52:18+00:00\" \/>\n<meta name=\"twitter:card\" content=\"summary_large_image\" \/>\n<script type=\"application\/ld+json\" class=\"yoast-schema-graph\">{\"@context\":\"https:\/\/schema.org\",\"@graph\":[{\"@type\":\"WebPage\",\"@id\":\"https:\/\/czor.org\/preduzetnistvo\/partneri\/gim-rozaje\/\",\"url\":\"https:\/\/czor.org\/preduzetnistvo\/partneri\/gim-rozaje\/\",\"name\":\"Fondacija Tuzlanske Zajednice - Sve na jednom mestu za podr\u0161ku omladinskom preduzetni\u0161tvu i prekograni\u010dnoj saradnji\",\"isPartOf\":{\"@id\":\"https:\/\/czor.org\/preduzetnistvo\/#website\"},\"datePublished\":\"2021-12-02T17:29:35+00:00\",\"dateModified\":\"2023-12-13T20:52:18+00:00\",\"breadcrumb\":{\"@id\":\"https:\/\/czor.org\/preduzetnistvo\/partneri\/gim-rozaje\/#breadcrumb\"},\"inLanguage\":\"en-US\",\"potentialAction\":[{\"@type\":\"ReadAction\",\"target\":[\"https:\/\/czor.org\/preduzetnistvo\/partneri\/gim-rozaje\/\"]}]},{\"@type\":\"BreadcrumbList\",\"@id\":\"https:\/\/czor.org\/preduzetnistvo\/partneri\/gim-rozaje\/#breadcrumb\",\"itemListElement\":[{\"@type\":\"ListItem\",\"position\":1,\"name\":\"\u041f\u043e\u0447\u0435\u0442\u043d\u0430\",\"item\":\"https:\/\/czor.org\/preduzetnistvo\/\"},{\"@type\":\"ListItem\",\"position\":2,\"name\":\"Partneri\",\"item\":\"https:\/\/czor.org\/preduzetnistvo\/partneri\/\"},{\"@type\":\"ListItem\",\"position\":3,\"name\":\"Fondacija Tuzlanske Zajednice\"}]},{\"@type\":\"WebSite\",\"@id\":\"https:\/\/czor.org\/preduzetnistvo\/#website\",\"url\":\"https:\/\/czor.org\/preduzetnistvo\/\",\"name\":\"Sve na jednom mestu za podr\u0161ku omladinskom preduzetni\u0161tvu i prekograni\u010dnoj saradnji\",\"description\":\"\",\"potentialAction\":[{\"@type\":\"SearchAction\",\"target\":{\"@type\":\"EntryPoint\",\"urlTemplate\":\"https:\/\/czor.org\/preduzetnistvo\/?s={search_term_string}\"},\"query-input\":{\"@type\":\"PropertyValueSpecification\",\"valueRequired\":true,\"valueName\":\"search_term_string\"}}],\"inLanguage\":\"en-US\"}]}<\/script>\n<!-- \/ Yoast SEO plugin. -->","yoast_head_json":{"title":"Fondacija Tuzlanske Zajednice - Sve na jednom mestu za podr\u0161ku omladinskom preduzetni\u0161tvu i prekograni\u010dnoj saradnji","robots":{"index":"index","follow":"follow","max-snippet":"max-snippet:-1","max-image-preview":"max-image-preview:large","max-video-preview":"max-video-preview:-1"},"canonical":"https:\/\/czor.org\/preduzetnistvo\/partneri\/gim-rozaje\/","og_locale":"en_US","og_type":"article","og_title":"Fondacija Tuzlanske Zajednice - Sve na jednom mestu za podr\u0161ku omladinskom preduzetni\u0161tvu i prekograni\u010dnoj saradnji","og_url":"https:\/\/czor.org\/preduzetnistvo\/partneri\/gim-rozaje\/","og_site_name":"Sve na jednom mestu za podr\u0161ku omladinskom preduzetni\u0161tvu i prekograni\u010dnoj saradnji","article_modified_time":"2023-12-13T20:52:18+00:00","twitter_card":"summary_large_image","schema":{"@context":"https:\/\/schema.org","@graph":[{"@type":"WebPage","@id":"https:\/\/czor.org\/preduzetnistvo\/partneri\/gim-rozaje\/","url":"https:\/\/czor.org\/preduzetnistvo\/partneri\/gim-rozaje\/","name":"Fondacija Tuzlanske Zajednice - Sve na jednom mestu za podr\u0161ku omladinskom preduzetni\u0161tvu i prekograni\u010dnoj saradnji","isPartOf":{"@id":"https:\/\/czor.org\/preduzetnistvo\/#website"},"datePublished":"2021-12-02T17:29:35+00:00","dateModified":"2023-12-13T20:52:18+00:00","breadcrumb":{"@id":"https:\/\/czor.org\/preduzetnistvo\/partneri\/gim-rozaje\/#breadcrumb"},"inLanguage":"en-US","potentialAction":[{"@type":"ReadAction","target":["https:\/\/czor.org\/preduzetnistvo\/partneri\/gim-rozaje\/"]}]},{"@type":"BreadcrumbList","@id":"https:\/\/czor.org\/preduzetnistvo\/partneri\/gim-rozaje\/#breadcrumb","itemListElement":[{"@type":"ListItem","position":1,"name":"\u041f\u043e\u0447\u0435\u0442\u043d\u0430","item":"https:\/\/czor.org\/preduzetnistvo\/"},{"@type":"ListItem","position":2,"name":"Partneri","item":"https:\/\/czor.org\/preduzetnistvo\/partneri\/"},{"@type":"ListItem","position":3,"name":"Fondacija Tuzlanske Zajednice"}]},{"@type":"WebSite","@id":"https:\/\/czor.org\/preduzetnistvo\/#website","url":"https:\/\/czor.org\/preduzetnistvo\/","name":"Sve na jednom mestu za podr\u0161ku omladinskom preduzetni\u0161tvu i prekograni\u010dnoj saradnji","description":"","potentialAction":[{"@type":"SearchAction","target":{"@type":"EntryPoint","urlTemplate":"https:\/\/czor.org\/preduzetnistvo\/?s={search_term_string}"},"query-input":{"@type":"PropertyValueSpecification","valueRequired":true,"valueName":"search_term_string"}}],"inLanguage":"en-US"}]}},"_links":{"self":[{"href":"https:\/\/czor.org\/preduzetnistvo\/wp-json\/wp\/v2\/pages\/1830","targetHints":{"allow":["GET"]}}],"collection":[{"href":"https:\/\/czor.org\/preduzetnistvo\/wp-json\/wp\/v2\/pages"}],"about":[{"href":"https:\/\/czor.org\/preduzetnistvo\/wp-json\/wp\/v2\/types\/page"}],"author":[{"embeddable":true,"href":"https:\/\/czor.org\/preduzetnistvo\/wp-json\/wp\/v2\/users\/1"}],"replies":[{"embeddable":true,"href":"https:\/\/czor.org\/preduzetnistvo\/wp-json\/wp\/v2\/comments?post=1830"}],"version-history":[{"count":6,"href":"https:\/\/czor.org\/preduzetnistvo\/wp-json\/wp\/v2\/pages\/1830\/revisions"}],"predecessor-version":[{"id":2087,"href":"https:\/\/czor.org\/preduzetnistvo\/wp-json\/wp\/v2\/pages\/1830\/revisions\/2087"}],"up":[{"embeddable":true,"href":"https:\/\/czor.org\/preduzetnistvo\/wp-json\/wp\/v2\/pages\/340"}],"wp:attachment":[{"href":"https:\/\/czor.org\/preduzetnistvo\/wp-json\/wp\/v2\/media?parent=1830"}],"curies":[{"name":"wp","href":"https:\/\/api.w.org\/{rel}","templated":true}]}}