{"id":22,"date":"2023-06-20T16:56:03","date_gmt":"2023-06-20T16:56:03","guid":{"rendered":"https:\/\/localhost:8888\/02hero\/?page_id=22"},"modified":"2023-12-12T21:42:45","modified_gmt":"2023-12-12T21:42:45","slug":"aktivnosti-projekta","status":"publish","type":"page","link":"https:\/\/czor.org\/preduzetnistvo\/","title":{"rendered":"Aktivnosti projekta"},"content":{"rendered":"","protected":false},"excerpt":{"rendered":"","protected":false},"author":1,"featured_media":0,"parent":0,"menu_order":2,"comment_status":"closed","ping_status":"closed","template":"__fe-templates\/fe-page-news.php","meta":{"_acf_changed":false,"inline_featured_image":false,"footnotes":""},"class_list":["post-22","page","type-page","status-publish","hentry"],"acf":[],"yoast_head":"<!-- This site is optimized with the Yoast SEO plugin v23.6 - https:\/\/yoast.com\/wordpress\/plugins\/seo\/ -->\n<title>Aktivnosti projekta - Sve na jednom mestu za podr\u0161ku omladinskom preduzetni\u0161tvu i prekograni\u010dnoj saradnji<\/title>\n<meta name=\"robots\" content=\"index, follow, max-snippet:-1, max-image-preview:large, max-video-preview:-1\" \/>\n<link rel=\"canonical\" href=\"https:\/\/czor.org\/preduzetnistvo\/\" \/>\n<meta property=\"og:locale\" content=\"en_US\" \/>\n<meta property=\"og:type\" content=\"article\" \/>\n<meta property=\"og:title\" content=\"Aktivnosti projekta - Sve na jednom mestu za podr\u0161ku omladinskom preduzetni\u0161tvu i prekograni\u010dnoj saradnji\" \/>\n<meta property=\"og:url\" content=\"https:\/\/czor.org\/preduzetnistvo\/\" \/>\n<meta property=\"og:site_name\" content=\"Sve na jednom mestu za podr\u0161ku omladinskom preduzetni\u0161tvu i prekograni\u010dnoj saradnji\" \/>\n<meta property=\"article:modified_time\" content=\"2023-12-12T21:42:45+00:00\" \/>\n<meta name=\"twitter:card\" content=\"summary_large_image\" \/>\n<script type=\"application\/ld+json\" class=\"yoast-schema-graph\">{\"@context\":\"https:\/\/schema.org\",\"@graph\":[{\"@type\":\"WebPage\",\"@id\":\"https:\/\/czor.org\/preduzetnistvo\/\",\"url\":\"https:\/\/czor.org\/preduzetnistvo\/\",\"name\":\"Aktivnosti projekta - Sve na jednom mestu za podr\u0161ku omladinskom preduzetni\u0161tvu i prekograni\u010dnoj saradnji\",\"isPartOf\":{\"@id\":\"https:\/\/czor.org\/preduzetnistvo\/#website\"},\"datePublished\":\"2023-06-20T16:56:03+00:00\",\"dateModified\":\"2023-12-12T21:42:45+00:00\",\"breadcrumb\":{\"@id\":\"https:\/\/czor.org\/preduzetnistvo\/#breadcrumb\"},\"inLanguage\":\"en-US\",\"potentialAction\":[{\"@type\":\"ReadAction\",\"target\":[\"https:\/\/czor.org\/preduzetnistvo\/\"]}]},{\"@type\":\"BreadcrumbList\",\"@id\":\"https:\/\/czor.org\/preduzetnistvo\/#breadcrumb\",\"itemListElement\":[{\"@type\":\"ListItem\",\"position\":1,\"name\":\"\u041f\u043e\u0447\u0435\u0442\u043d\u0430\",\"item\":\"https:\/\/czor.org\/preduzetnistvo\/\"},{\"@type\":\"ListItem\",\"position\":2,\"name\":\"Aktivnosti projekta\"}]},{\"@type\":\"WebSite\",\"@id\":\"https:\/\/czor.org\/preduzetnistvo\/#website\",\"url\":\"https:\/\/czor.org\/preduzetnistvo\/\",\"name\":\"Sve na jednom mestu za podr\u0161ku omladinskom preduzetni\u0161tvu i prekograni\u010dnoj saradnji\",\"description\":\"\",\"potentialAction\":[{\"@type\":\"SearchAction\",\"target\":{\"@type\":\"EntryPoint\",\"urlTemplate\":\"https:\/\/czor.org\/preduzetnistvo\/?s={search_term_string}\"},\"query-input\":{\"@type\":\"PropertyValueSpecification\",\"valueRequired\":true,\"valueName\":\"search_term_string\"}}],\"inLanguage\":\"en-US\"}]}<\/script>\n<!-- \/ Yoast SEO plugin. -->","yoast_head_json":{"title":"Aktivnosti projekta - Sve na jednom mestu za podr\u0161ku omladinskom preduzetni\u0161tvu i prekograni\u010dnoj saradnji","robots":{"index":"index","follow":"follow","max-snippet":"max-snippet:-1","max-image-preview":"max-image-preview:large","max-video-preview":"max-video-preview:-1"},"canonical":"https:\/\/czor.org\/preduzetnistvo\/","og_locale":"en_US","og_type":"article","og_title":"Aktivnosti projekta - Sve na jednom mestu za podr\u0161ku omladinskom preduzetni\u0161tvu i prekograni\u010dnoj saradnji","og_url":"https:\/\/czor.org\/preduzetnistvo\/","og_site_name":"Sve na jednom mestu za podr\u0161ku omladinskom preduzetni\u0161tvu i prekograni\u010dnoj saradnji","article_modified_time":"2023-12-12T21:42:45+00:00","twitter_card":"summary_large_image","schema":{"@context":"https:\/\/schema.org","@graph":[{"@type":"WebPage","@id":"https:\/\/czor.org\/preduzetnistvo\/","url":"https:\/\/czor.org\/preduzetnistvo\/","name":"Aktivnosti projekta - Sve na jednom mestu za podr\u0161ku omladinskom preduzetni\u0161tvu i prekograni\u010dnoj saradnji","isPartOf":{"@id":"https:\/\/czor.org\/preduzetnistvo\/#website"},"datePublished":"2023-06-20T16:56:03+00:00","dateModified":"2023-12-12T21:42:45+00:00","breadcrumb":{"@id":"https:\/\/czor.org\/preduzetnistvo\/#breadcrumb"},"inLanguage":"en-US","potentialAction":[{"@type":"ReadAction","target":["https:\/\/czor.org\/preduzetnistvo\/"]}]},{"@type":"BreadcrumbList","@id":"https:\/\/czor.org\/preduzetnistvo\/#breadcrumb","itemListElement":[{"@type":"ListItem","position":1,"name":"\u041f\u043e\u0447\u0435\u0442\u043d\u0430","item":"https:\/\/czor.org\/preduzetnistvo\/"},{"@type":"ListItem","position":2,"name":"Aktivnosti projekta"}]},{"@type":"WebSite","@id":"https:\/\/czor.org\/preduzetnistvo\/#website","url":"https:\/\/czor.org\/preduzetnistvo\/","name":"Sve na jednom mestu za podr\u0161ku omladinskom preduzetni\u0161tvu i prekograni\u010dnoj saradnji","description":"","potentialAction":[{"@type":"SearchAction","target":{"@type":"EntryPoint","urlTemplate":"https:\/\/czor.org\/preduzetnistvo\/?s={search_term_string}"},"query-input":{"@type":"PropertyValueSpecification","valueRequired":true,"valueName":"search_term_string"}}],"inLanguage":"en-US"}]}},"_links":{"self":[{"href":"https:\/\/czor.org\/preduzetnistvo\/wp-json\/wp\/v2\/pages\/22","targetHints":{"allow":["GET"]}}],"collection":[{"href":"https:\/\/czor.org\/preduzetnistvo\/wp-json\/wp\/v2\/pages"}],"about":[{"href":"https:\/\/czor.org\/preduzetnistvo\/wp-json\/wp\/v2\/types\/page"}],"author":[{"embeddable":true,"href":"https:\/\/czor.org\/preduzetnistvo\/wp-json\/wp\/v2\/users\/1"}],"replies":[{"embeddable":true,"href":"https:\/\/czor.org\/preduzetnistvo\/wp-json\/wp\/v2\/comments?post=22"}],"version-history":[{"count":3,"href":"https:\/\/czor.org\/preduzetnistvo\/wp-json\/wp\/v2\/pages\/22\/revisions"}],"predecessor-version":[{"id":259,"href":"https:\/\/czor.org\/preduzetnistvo\/wp-json\/wp\/v2\/pages\/22\/revisions\/259"}],"wp:attachment":[{"href":"https:\/\/czor.org\/preduzetnistvo\/wp-json\/wp\/v2\/media?parent=22"}],"curies":[{"name":"wp","href":"https:\/\/api.w.org\/{rel}","templated":true}]}}