{"id":354,"date":"2021-03-10T14:36:07","date_gmt":"2021-03-10T14:36:07","guid":{"rendered":"https:\/\/www.czor.org\/02hero\/?page_id=354"},"modified":"2021-03-23T10:29:39","modified_gmt":"2021-03-23T10:29:39","slug":"czor","status":"publish","type":"page","link":"https:\/\/czor.org\/preduzetnistvo\/partneri\/czor\/","title":{"rendered":"CZOR"},"content":{"rendered":"","protected":false},"excerpt":{"rendered":"","protected":false},"author":1,"featured_media":0,"parent":340,"menu_order":1,"comment_status":"closed","ping_status":"closed","template":"__fe-templates\/fe-page-partners.php","meta":{"_acf_changed":false,"inline_featured_image":false,"footnotes":""},"class_list":["post-354","page","type-page","status-publish","hentry"],"acf":[],"yoast_head":"<!-- This site is optimized with the Yoast SEO plugin v23.6 - https:\/\/yoast.com\/wordpress\/plugins\/seo\/ -->\n<title>CZOR - Sve na jednom mestu za podr\u0161ku omladinskom preduzetni\u0161tvu i prekograni\u010dnoj saradnji<\/title>\n<meta name=\"robots\" content=\"index, follow, max-snippet:-1, max-image-preview:large, max-video-preview:-1\" \/>\n<link rel=\"canonical\" href=\"https:\/\/czor.org\/preduzetnistvo\/partneri\/czor\/\" \/>\n<meta property=\"og:locale\" content=\"en_US\" \/>\n<meta property=\"og:type\" content=\"article\" \/>\n<meta property=\"og:title\" content=\"CZOR - Sve na jednom mestu za podr\u0161ku omladinskom preduzetni\u0161tvu i prekograni\u010dnoj saradnji\" \/>\n<meta property=\"og:url\" content=\"https:\/\/czor.org\/preduzetnistvo\/partneri\/czor\/\" \/>\n<meta property=\"og:site_name\" content=\"Sve na jednom mestu za podr\u0161ku omladinskom preduzetni\u0161tvu i prekograni\u010dnoj saradnji\" \/>\n<meta property=\"article:modified_time\" content=\"2021-03-23T10:29:39+00:00\" \/>\n<meta name=\"twitter:card\" content=\"summary_large_image\" \/>\n<script type=\"application\/ld+json\" class=\"yoast-schema-graph\">{\"@context\":\"https:\/\/schema.org\",\"@graph\":[{\"@type\":\"WebPage\",\"@id\":\"https:\/\/czor.org\/preduzetnistvo\/partneri\/czor\/\",\"url\":\"https:\/\/czor.org\/preduzetnistvo\/partneri\/czor\/\",\"name\":\"CZOR - Sve na jednom mestu za podr\u0161ku omladinskom preduzetni\u0161tvu i prekograni\u010dnoj saradnji\",\"isPartOf\":{\"@id\":\"https:\/\/czor.org\/preduzetnistvo\/#website\"},\"datePublished\":\"2021-03-10T14:36:07+00:00\",\"dateModified\":\"2021-03-23T10:29:39+00:00\",\"breadcrumb\":{\"@id\":\"https:\/\/czor.org\/preduzetnistvo\/partneri\/czor\/#breadcrumb\"},\"inLanguage\":\"en-US\",\"potentialAction\":[{\"@type\":\"ReadAction\",\"target\":[\"https:\/\/czor.org\/preduzetnistvo\/partneri\/czor\/\"]}]},{\"@type\":\"BreadcrumbList\",\"@id\":\"https:\/\/czor.org\/preduzetnistvo\/partneri\/czor\/#breadcrumb\",\"itemListElement\":[{\"@type\":\"ListItem\",\"position\":1,\"name\":\"\u041f\u043e\u0447\u0435\u0442\u043d\u0430\",\"item\":\"https:\/\/czor.org\/preduzetnistvo\/\"},{\"@type\":\"ListItem\",\"position\":2,\"name\":\"Partneri\",\"item\":\"https:\/\/czor.org\/preduzetnistvo\/partneri\/\"},{\"@type\":\"ListItem\",\"position\":3,\"name\":\"CZOR\"}]},{\"@type\":\"WebSite\",\"@id\":\"https:\/\/czor.org\/preduzetnistvo\/#website\",\"url\":\"https:\/\/czor.org\/preduzetnistvo\/\",\"name\":\"Sve na jednom mestu za podr\u0161ku omladinskom preduzetni\u0161tvu i prekograni\u010dnoj saradnji\",\"description\":\"\",\"potentialAction\":[{\"@type\":\"SearchAction\",\"target\":{\"@type\":\"EntryPoint\",\"urlTemplate\":\"https:\/\/czor.org\/preduzetnistvo\/?s={search_term_string}\"},\"query-input\":{\"@type\":\"PropertyValueSpecification\",\"valueRequired\":true,\"valueName\":\"search_term_string\"}}],\"inLanguage\":\"en-US\"}]}<\/script>\n<!-- \/ Yoast SEO plugin. -->","yoast_head_json":{"title":"CZOR - Sve na jednom mestu za podr\u0161ku omladinskom preduzetni\u0161tvu i prekograni\u010dnoj saradnji","robots":{"index":"index","follow":"follow","max-snippet":"max-snippet:-1","max-image-preview":"max-image-preview:large","max-video-preview":"max-video-preview:-1"},"canonical":"https:\/\/czor.org\/preduzetnistvo\/partneri\/czor\/","og_locale":"en_US","og_type":"article","og_title":"CZOR - Sve na jednom mestu za podr\u0161ku omladinskom preduzetni\u0161tvu i prekograni\u010dnoj saradnji","og_url":"https:\/\/czor.org\/preduzetnistvo\/partneri\/czor\/","og_site_name":"Sve na jednom mestu za podr\u0161ku omladinskom preduzetni\u0161tvu i prekograni\u010dnoj saradnji","article_modified_time":"2021-03-23T10:29:39+00:00","twitter_card":"summary_large_image","schema":{"@context":"https:\/\/schema.org","@graph":[{"@type":"WebPage","@id":"https:\/\/czor.org\/preduzetnistvo\/partneri\/czor\/","url":"https:\/\/czor.org\/preduzetnistvo\/partneri\/czor\/","name":"CZOR - Sve na jednom mestu za podr\u0161ku omladinskom preduzetni\u0161tvu i prekograni\u010dnoj saradnji","isPartOf":{"@id":"https:\/\/czor.org\/preduzetnistvo\/#website"},"datePublished":"2021-03-10T14:36:07+00:00","dateModified":"2021-03-23T10:29:39+00:00","breadcrumb":{"@id":"https:\/\/czor.org\/preduzetnistvo\/partneri\/czor\/#breadcrumb"},"inLanguage":"en-US","potentialAction":[{"@type":"ReadAction","target":["https:\/\/czor.org\/preduzetnistvo\/partneri\/czor\/"]}]},{"@type":"BreadcrumbList","@id":"https:\/\/czor.org\/preduzetnistvo\/partneri\/czor\/#breadcrumb","itemListElement":[{"@type":"ListItem","position":1,"name":"\u041f\u043e\u0447\u0435\u0442\u043d\u0430","item":"https:\/\/czor.org\/preduzetnistvo\/"},{"@type":"ListItem","position":2,"name":"Partneri","item":"https:\/\/czor.org\/preduzetnistvo\/partneri\/"},{"@type":"ListItem","position":3,"name":"CZOR"}]},{"@type":"WebSite","@id":"https:\/\/czor.org\/preduzetnistvo\/#website","url":"https:\/\/czor.org\/preduzetnistvo\/","name":"Sve na jednom mestu za podr\u0161ku omladinskom preduzetni\u0161tvu i prekograni\u010dnoj saradnji","description":"","potentialAction":[{"@type":"SearchAction","target":{"@type":"EntryPoint","urlTemplate":"https:\/\/czor.org\/preduzetnistvo\/?s={search_term_string}"},"query-input":{"@type":"PropertyValueSpecification","valueRequired":true,"valueName":"search_term_string"}}],"inLanguage":"en-US"}]}},"_links":{"self":[{"href":"https:\/\/czor.org\/preduzetnistvo\/wp-json\/wp\/v2\/pages\/354","targetHints":{"allow":["GET"]}}],"collection":[{"href":"https:\/\/czor.org\/preduzetnistvo\/wp-json\/wp\/v2\/pages"}],"about":[{"href":"https:\/\/czor.org\/preduzetnistvo\/wp-json\/wp\/v2\/types\/page"}],"author":[{"embeddable":true,"href":"https:\/\/czor.org\/preduzetnistvo\/wp-json\/wp\/v2\/users\/1"}],"replies":[{"embeddable":true,"href":"https:\/\/czor.org\/preduzetnistvo\/wp-json\/wp\/v2\/comments?post=354"}],"version-history":[{"count":3,"href":"https:\/\/czor.org\/preduzetnistvo\/wp-json\/wp\/v2\/pages\/354\/revisions"}],"predecessor-version":[{"id":500,"href":"https:\/\/czor.org\/preduzetnistvo\/wp-json\/wp\/v2\/pages\/354\/revisions\/500"}],"up":[{"embeddable":true,"href":"https:\/\/czor.org\/preduzetnistvo\/wp-json\/wp\/v2\/pages\/340"}],"wp:attachment":[{"href":"https:\/\/czor.org\/preduzetnistvo\/wp-json\/wp\/v2\/media?parent=354"}],"curies":[{"name":"wp","href":"https:\/\/api.w.org\/{rel}","templated":true}]}}